{"id":71,"date":"2019-06-10T09:47:53","date_gmt":"2019-06-10T06:47:53","guid":{"rendered":"http:\/\/localhost\/extension\/agriculture-and-rural-development\/"},"modified":"2022-03-13T15:50:42","modified_gmt":"2022-03-13T12:50:42","slug":"agriculture-and-rural-development","status":"publish","type":"page","link":"https:\/\/www.coa.sua.ac.tz\/extension\/agriculture-and-rural-development","title":{"rendered":"Agriculture and Rural Development"},"content":{"rendered":"<p><strong>&nbsp;<\/strong><\/p>\n<ol>\n<li><strong>Course Title: <\/strong> RD 107- AGRICULTURE AND RURAL DEVELOPMENT<\/li>\n<li><strong>Course Aim<\/strong><\/li>\n<\/ol>\n<p>Course aim at providing students with critical overview of the agriculture sector&nbsp;in Tanzania and&nbsp;how the sector link with rural development economy &nbsp;<\/p>\n<ul>\n<li><strong>Course Expected Learning Outcomes<\/strong><\/li>\n<\/ul>\n<p>By the end of this course, students should be able to:<\/p>\n<ul>\n<li>interpret basic principles of rural development<\/li>\n<li>describe major and minor strands in debates on agriculture and development<\/li>\n<li>apply knowledge gained for critical analysis of agricultural development initiatives in Tanzania and other Sub-Saharan African<\/li>\n<li>evaluate institutional and political facts related to the evolution of agricultural policies<\/li>\n<\/ul>\n<table>\n<tbody>\n<tr>\n<td>\n<p><strong>iv.&nbsp;&nbsp;&nbsp;&nbsp;&nbsp;&nbsp;&nbsp;&nbsp;&nbsp;&nbsp;&nbsp;&nbsp;&nbsp;&nbsp;&nbsp; <\/strong><strong>Course Status:<\/strong><\/p>\n<\/td>\n<td>\n<p>Core<\/p>\n<\/td>\n<td>&nbsp;<\/td>\n<\/tr>\n<tr>\n<td>\n<p><strong>v.&nbsp;&nbsp;&nbsp;&nbsp;&nbsp;&nbsp;&nbsp;&nbsp;&nbsp;&nbsp;&nbsp;&nbsp;&nbsp;&nbsp;&nbsp;&nbsp;&nbsp; <\/strong><strong>Credit Rating:<\/strong><\/p>\n<\/td>\n<td>\n<p>9 Credits<\/p>\n<\/td>\n<td>&nbsp;<\/td>\n<\/tr>\n<tr>\n<td>\n<p><strong>vi.&nbsp;&nbsp;&nbsp;&nbsp;&nbsp;&nbsp;&nbsp;&nbsp;&nbsp;&nbsp;&nbsp;&nbsp;&nbsp;&nbsp;&nbsp; <\/strong><strong>Total hours spent:<\/strong> &nbsp; 90<\/p>\n<\/td>\n<td>\n<p>hours<\/p>\n<p>Lectures<\/p>\n<\/td>\n<td>\n<p>45 hours<\/p>\n<\/td>\n<\/tr>\n<tr>\n<td>&nbsp;<\/td>\n<td>\n<p>Seminars<\/p>\n<\/td>\n<td>\n<p>20 hours<\/p>\n<\/td>\n<\/tr>\n<tr>\n<td>&nbsp;<\/td>\n<td>\n<p>Assignments<\/p>\n<\/td>\n<td>\n<p>10 hours<\/p>\n<\/td>\n<\/tr>\n<tr>\n<td>&nbsp;<\/td>\n<td>\n<p>Independent Study<\/p>\n<\/td>\n<td>\n<p>15hours<\/p>\n<\/td>\n<\/tr>\n<tr>\n<td>&nbsp;<\/td>\n<td>\n<p>Practical<\/p>\n<\/td>\n<td>\n<p>00 hours<\/p>\n<\/td>\n<\/tr>\n<tr>\n<td>\n<p>&nbsp;&nbsp;&nbsp;&nbsp;&nbsp;&nbsp;&nbsp;&nbsp;&nbsp;&nbsp; Prerequisites: None<\/p>\n<\/td>\n<td>&nbsp;<\/td>\n<td>&nbsp;<\/td>\n<\/tr>\n<tr>\n<td>&nbsp;<\/td>\n<td>&nbsp;<\/td>\n<td>&nbsp;<\/td>\n<\/tr>\n<\/tbody>\n<\/table>\n<ul>\n<li><strong>Course Contents<\/strong><\/li>\n<\/ul>\n<p>Concept and context of agricultural development and rural development; Introduction to agriculture and rural development; agriculture in the context of sustainable rural development; approaches to rural development (emphasis on strengths; weaknesses and their comparison); rural institutions and rural development; Structural Adjustment Programmes (SAPs) and rural development; Tanzania rural development strategies 2001; macro-economic linkages and agriculture; environmental degradation; Climate change and agriculture; review of local and regional agricultural policies; review of agriculture programs and strategies; institutional arrangement and agricultural development; gender and agriculture; women in agriculture; linkages between industrial development and agriculture development; effect of globalization and other emerging issues on agriculture development.<\/p>\n<ul>\n<li><strong>Teaching and Learning activities<\/strong><\/li>\n<\/ul>\n<p>Teaching will involve lectures, group assignments and seminar presentations, individual assignments to capture self- reading. Use of case studies in teaching for some practical aspects will be employed.<\/p>\n<p>The assessments will be through continuous assessments were written timed tests, quizzes, seminar presentation and submission of individual assignment papers will be used. The assessment will also include final University written examination<\/p>\n<ol>\n<li><strong>Reading List: <\/strong><\/li>\n<\/ol>\n<p style=\"padding-left: 30px;\">-Dev\u00e8ze, Jean-Claude (2011). Challenges for African Agriculture. Washington, DC: Agence Fran\u00e7aise de D\u00e9veloppement and the World Bank. \u00a9 World Bank. <a href=\"https:\/\/openknowledge.worldbank.org\">https:\/\/openknowledge.worldbank.org<\/a> \/handle\/10986\/12478 License: CC BY 3.0 IGO. URI.<a href=\"http:\/\/hdl.handle.net\/10986\/12478\">http:\/\/hdl.handle.net\/10986\/12478<\/a><\/p>\n<p style=\"padding-left: 30px;\">-URT (2001). Rural Development Strategy for Tanzania. Prime minister\u2019s Office. 88pp<\/p>\n<p style=\"padding-left: 30px;\">-Clayton, E., (1983). Agriculture, Poverty and Freedom in Developing Countries. Macmillan Education Ltd., London. pp. 277.<\/p>\n<p style=\"padding-left: 30px;\">-Alexandratos, N. (Ed.) (1997). World Agriculture: Towards 2010: An FAO Study. FAO and John Wiley &amp; Sons: Chichester, 488 pp.<\/p>\n<p style=\"padding-left: 30px;\">-UN (2004). An Integrated Approach to Rural Development Dialogues at the Economic and Social Council.<\/p>\n","protected":false},"excerpt":{"rendered":"<p>&nbsp; Course Title: RD 107- AGRICULTURE AND RURAL DEVELOPMENT Course Aim Course aim at providing students with critical overview of the agriculture sector&nbsp;in Tanzania and&nbsp;how the sector link with rural development economy &nbsp; Course Expected Learning Outcomes By the end of this course, students should be able to: interpret basic principles of rural development describe [&hellip;]<\/p>\n","protected":false},"author":1,"featured_media":0,"parent":0,"menu_order":57,"comment_status":"open","ping_status":"open","template":"","meta":{"footnotes":""},"class_list":["post-71","page","type-page","status-publish","hentry"],"_links":{"self":[{"href":"https:\/\/www.coa.sua.ac.tz\/extension\/wp-json\/wp\/v2\/pages\/71","targetHints":{"allow":["GET"]}}],"collection":[{"href":"https:\/\/www.coa.sua.ac.tz\/extension\/wp-json\/wp\/v2\/pages"}],"about":[{"href":"https:\/\/www.coa.sua.ac.tz\/extension\/wp-json\/wp\/v2\/types\/page"}],"author":[{"embeddable":true,"href":"https:\/\/www.coa.sua.ac.tz\/extension\/wp-json\/wp\/v2\/users\/1"}],"replies":[{"embeddable":true,"href":"https:\/\/www.coa.sua.ac.tz\/extension\/wp-json\/wp\/v2\/comments?post=71"}],"version-history":[{"count":1,"href":"https:\/\/www.coa.sua.ac.tz\/extension\/wp-json\/wp\/v2\/pages\/71\/revisions"}],"predecessor-version":[{"id":371,"href":"https:\/\/www.coa.sua.ac.tz\/extension\/wp-json\/wp\/v2\/pages\/71\/revisions\/371"}],"wp:attachment":[{"href":"https:\/\/www.coa.sua.ac.tz\/extension\/wp-json\/wp\/v2\/media?parent=71"}],"curies":[{"name":"wp","href":"https:\/\/api.w.org\/{rel}","templated":true}]}}